{"id":30,"date":"2011-09-29T20:36:44","date_gmt":"2011-09-29T20:36:44","guid":{"rendered":"http:\/\/suomikoulucardiff.org\/?page_id=30"},"modified":"2019-09-03T09:14:19","modified_gmt":"2019-09-03T09:14:19","slug":"lisatietoja","status":"publish","type":"page","link":"https:\/\/suomikoulucardiff.org\/?page_id=30","title":{"rendered":"Lis\u00e4tietoja"},"content":{"rendered":"<p>Cardiffin Suomi-koulu on hyv\u00e4ntekev\u00e4isyyteen perustuva yhdistys, jota my\u00f6s Suomen opetusministeri\u00f6 tukee.<\/p>\n<p>Cardiffin Suomi-koulu palvelee kaikkia suomalaisia ja Suomesta sek\u00e4 suomen kielest\u00e4 kiinnostuneita ik\u00e4\u00e4n tai kansalaisuuteen katsomatta. Koulu antaa suomen kielen t\u00e4ydent\u00e4v\u00e4\u00e4 opetusta ulkosuomalaislapsille rennossa ilmapiiriss\u00e4 leikin varjolla. Opetuksessa keskityt\u00e4\u00e4n suomen kielen ja suomalaisen kulttuurin opetukseen laulaen, leikkien, tanssien, loruillen, askarrellen ja oppikirjojen avulla. Koululla lapset oppivat sosiaalisesta kanssak\u00e4ymisest\u00e4 suomeksi ja tutustuvat toisiin monikielisiin perheisiin.<\/p>\n<p>Tilamme\u00a0ovat Capel Salemissa Cantonissa:<\/p>\n<p>Capel Salem<br \/>\nMarket Road<br \/>\nCanton<br \/>\nCardiff<br \/>\nCF5 1Q<\/p>\n<p>Suomi-koululla on t\u00e4ll\u00e4 hetkell\u00e4\u00a0viisi aktiivista ryhm\u00e4\u00e4: Pienten ryhm\u00e4 (vauvat, alle 4-vuotiaat ja vanhemmat tervetulleita), Suomi-kouluryhm\u00e4 4-8-vuotiaille ja digikerho isommille, yli 8-vuotiaille lapsille ja suomen kielen alkeisryhm\u00e4 sek\u00e4 edistyneempien ryhm\u00e4.<\/p>\n","protected":false},"excerpt":{"rendered":"<p>Cardiffin Suomi-koulu on hyv\u00e4ntekev\u00e4isyyteen perustuva yhdistys, jota my\u00f6s Suomen opetusministeri\u00f6 tukee. Cardiffin Suomi-koulu palvelee kaikkia suomalaisia ja Suomesta sek\u00e4 suomen kielest\u00e4 kiinnostuneita ik\u00e4\u00e4n tai kansalaisuuteen katsomatta. Koulu antaa suomen kielen t\u00e4ydent\u00e4v\u00e4\u00e4 opetusta ulkosuomalaislapsille rennossa ilmapiiriss\u00e4 leikin varjolla. Opetuksessa keskityt\u00e4\u00e4n suomen &hellip; <a href=\"https:\/\/suomikoulucardiff.org\/?page_id=30\">Continue reading <span class=\"meta-nav\">&rarr;<\/span><\/a><\/p>\n","protected":false},"author":1,"featured_media":0,"parent":2,"menu_order":0,"comment_status":"open","ping_status":"open","template":"","meta":{"footnotes":""},"class_list":["post-30","page","type-page","status-publish","hentry"],"_links":{"self":[{"href":"https:\/\/suomikoulucardiff.org\/index.php?rest_route=\/wp\/v2\/pages\/30","targetHints":{"allow":["GET"]}}],"collection":[{"href":"https:\/\/suomikoulucardiff.org\/index.php?rest_route=\/wp\/v2\/pages"}],"about":[{"href":"https:\/\/suomikoulucardiff.org\/index.php?rest_route=\/wp\/v2\/types\/page"}],"author":[{"embeddable":true,"href":"https:\/\/suomikoulucardiff.org\/index.php?rest_route=\/wp\/v2\/users\/1"}],"replies":[{"embeddable":true,"href":"https:\/\/suomikoulucardiff.org\/index.php?rest_route=%2Fwp%2Fv2%2Fcomments&post=30"}],"version-history":[{"count":5,"href":"https:\/\/suomikoulucardiff.org\/index.php?rest_route=\/wp\/v2\/pages\/30\/revisions"}],"predecessor-version":[{"id":765,"href":"https:\/\/suomikoulucardiff.org\/index.php?rest_route=\/wp\/v2\/pages\/30\/revisions\/765"}],"up":[{"embeddable":true,"href":"https:\/\/suomikoulucardiff.org\/index.php?rest_route=\/wp\/v2\/pages\/2"}],"wp:attachment":[{"href":"https:\/\/suomikoulucardiff.org\/index.php?rest_route=%2Fwp%2Fv2%2Fmedia&parent=30"}],"curies":[{"name":"wp","href":"https:\/\/api.w.org\/{rel}","templated":true}]}}